{"id":91,"date":"2026-03-01T12:45:31","date_gmt":"2026-03-01T11:45:31","guid":{"rendered":"https:\/\/theratalent.de\/blog\/?page_id=91"},"modified":"2026-03-01T13:15:33","modified_gmt":"2026-03-01T12:15:33","slug":"startseite","status":"publish","type":"page","link":"https:\/\/theratalent.de\/blog\/","title":{"rendered":"Startseite"},"content":{"rendered":"<span class=\"span-reading-time rt-reading-time\" style=\"display: block;\"><span class=\"rt-label rt-prefix\">Lesezeit:<\/span> <span class=\"rt-time\"> 6<\/span> <span class=\"rt-label rt-postfix\">Minuten<\/span><\/span>\t\t<div data-elementor-type=\"wp-page\" data-elementor-id=\"91\" class=\"elementor elementor-91\">\n\t\t\t\t<div class=\"elementor-element elementor-element-6e3f0d9 e-con-full e-flex e-con e-parent\" data-id=\"6e3f0d9\" data-element_type=\"container\" data-e-type=\"container\">\n\t\t\t\t<div class=\"elementor-element elementor-element-30db70c elementor-widget elementor-widget-heading\" data-id=\"30db70c\" data-element_type=\"widget\" data-e-type=\"widget\" data-widget_type=\"heading.default\">\n\t\t\t\t\t<h2 class=\"elementor-heading-title elementor-size-default\">Therapeuten einstellen in einem leergefegten Bewerbermarkt<\/h2>\t\t\t\t<\/div>\n\t\t\t\t<div class=\"elementor-element elementor-element-0c04e29 elementor-widget elementor-widget-text-editor\" data-id=\"0c04e29\" data-element_type=\"widget\" data-e-type=\"widget\" data-widget_type=\"text-editor.default\">\n\t\t\t\t\t\t\t\t\t<p data-start=\"925\" data-end=\"1200\">Der Fachkr\u00e4ftemangel im Therapiebereich ist kein kurzfristiges Problem, sondern strukturell bedingt.<br data-start=\"1025\" data-end=\"1028\" \/>In unserem Wissensbereich finden Sie fundierte Marktanalysen, praxisnahe Strategien und konkrete Handlungsempfehlungen, wie Praxen heute qualifizierte Therapeuten gewinnen.<\/p>\n<p data-start=\"1202\" data-end=\"1253\">\u00a0<\/p>\t\t\t\t\t\t\t\t<\/div>\n\t\t\t\t<div class=\"elementor-element elementor-element-0dfe123 meta-visibility-show section-title-style-style1 title_position_default title_hover_border_default title-default img_hover_animation_default meta_position_default readmore-btn-default-style grid-hover-overlay-type-always tpg-el-box-border-enable tpg-border-bottom-disable elementor-widget elementor-widget-tpg-grid-layout\" data-id=\"0dfe123\" data-element_type=\"widget\" data-e-type=\"widget\" data-widget_type=\"tpg-grid-layout.default\">\n\t\t\t\t<div class=\"elementor-widget-container\">\n\t\t\t\t\t\t\t<div class=\"rt-container-fluid rt-tpg-container tpg-el-main-wrapper clearfix grid-layout1-main \"\n\t\t\t id=\"rt-tpg-container-2896943219\"\n\t\t\t data-layout=\"grid-layout1\"\n\t\t\t data-grid-style=\"tpg-full-height\"\n\t\t\t data-sc-id=\"elementor\"\n\t\t\t data-el-settings=''\n\t\t\t data-el-query=''\n\t\t\t data-el-path=''\n\t\t>\n\t\t\t\t\t\t<div class='tpg-header-wrapper '>\n\t\t\t\t\n        <div class=\"tpg-widget-heading-wrapper rt-clear heading-style1 \">\n            <span class=\"tpg-widget-heading-line line-left\"><\/span>\n\t\t\t<h2 class='tpg-widget-heading'>\n\t\t\t\n\t\t\t\t                    <span>\n\t\t\t\t\t\tArtikel\t\t\t\t\t<\/span>\n\t\t\t\t\t\n\t\t\t\t\t\t\t<\/h2>            <span class=\"tpg-widget-heading-line line-right\"><\/span>\n\n\t\t\t\n        <\/div>\n\n\t\t\n\t\t\t\t\t<\/div>\n\n\t\t\t<div data-title=\"Loading ...\" class=\"rt-row rt-content-loader grid-layout1 grid-behaviour tpg-full-height grid_layout_wrapper\">\n\t\t\t\t<div class=\"rt-col-md-4 rt-col-sm-6 rt-col-xs-12 default rt-grid-item post-87 post type-post status-publish format-standard hentry category-uncategorized\"        data-id=\"87\">\n    <div class=\"rt-holder tpg-post-holder \">\n        <div class=\"rt-detail rt-el-content-wrapper\">\n\t\t\t                <div class=\"rt-img-holder tpg-el-image-wrap has-no-thumbnail\">\n\t\t\t\t\t<a data-id=\"87\" href=\"https:\/\/theratalent.de\/blog\/therapeuten-einstellen\/\" class=\"tpg-post-link\" target=\"_self\">\t\t\n\t\t<\/a>\n\t\t        <div class=\"overlay grid-hover-content\"><\/div>\n\t\t                <\/div>\n\t\t\t\n\t\t\t<div class=\"entry-title-wrapper\"><h3 class=\"entry-title\"><a data-id=\"87\" href=\"https:\/\/theratalent.de\/blog\/therapeuten-einstellen\/\" class=\"tpg-post-link\" target=\"_self\">Therapeuten einstellen<\/a><\/h3><\/div>\n\t\t\t                <div class=\"post-meta-tags rt-el-post-meta\">\n\t\t\t\t\t                <\/div>\n\t\t\t\n\n\t\t\t                <div class=\"tpg-excerpt tpg-el-excerpt\">\n\t\t\t\t\t                        <div class=\"tpg-excerpt-inner\">\n\t\t\t\t\t\t\tLesezeit:  5 MinutenTiefenanalyse von Marktstruktur, Kapazit\u00e4tsengp\u00e4ssen und wirtschaftlichen Folgen in Physiotherapie, Ergotherapie und Logop\u00e4die Einordnung: Warum die Frage \u201eTherapeuten einstellen\u201c...                        <\/div>\n\t\t\t\t\t\t\t\t\t\t                <\/div>\n\t\t\t\n\t\t\t        <div class=\"post-footer\">\n            <div class=\"post-footer\">\n                <div class=\"read-more\">\n\t\t\t\t\t<a data-id=\"87\" href=\"https:\/\/theratalent.de\/blog\/therapeuten-einstellen\/\" class=\"tpg-post-link\" target=\"_self\">Weiterlesen<\/a>                <\/div>\n            <\/div>\n        <\/div>\n\t\t        <\/div>\n    <\/div>\n<\/div>\n<div class=\"rt-col-md-4 rt-col-sm-6 rt-col-xs-12 default rt-grid-item post-82 post type-post status-publish format-standard hentry category-logopaede tag-logopaede-einstellen tag-logopaede-finden tag-logopaede-job tag-logopaede-stellenanzeige tag-logopaedie-fachkraeftemangel tag-logopaedin-einstellen\"        data-id=\"82\">\n    <div class=\"rt-holder tpg-post-holder \">\n        <div class=\"rt-detail rt-el-content-wrapper\">\n\t\t\t                <div class=\"rt-img-holder tpg-el-image-wrap has-no-thumbnail\">\n\t\t\t\t\t<a data-id=\"82\" href=\"https:\/\/theratalent.de\/blog\/logopaede-oder-logopaedin-einstellen\/\" class=\"tpg-post-link\" target=\"_self\">\t\t\n\t\t<\/a>\n\t\t        <div class=\"overlay grid-hover-content\"><\/div>\n\t\t                <\/div>\n\t\t\t\n\t\t\t<div class=\"entry-title-wrapper\"><h3 class=\"entry-title\"><a data-id=\"82\" href=\"https:\/\/theratalent.de\/blog\/logopaede-oder-logopaedin-einstellen\/\" class=\"tpg-post-link\" target=\"_self\">Logop\u00e4de oder Logop\u00e4din einstellen<\/a><\/h3><\/div>\n\t\t\t                <div class=\"post-meta-tags rt-el-post-meta\">\n\t\t\t\t\t                <\/div>\n\t\t\t\n\n\t\t\t                <div class=\"tpg-excerpt tpg-el-excerpt\">\n\t\t\t\t\t                        <div class=\"tpg-excerpt-inner\">\n\t\t\t\t\t\t\tLesezeit:  5 MinutenMarktstruktur, Bewerberlogik und wirtschaftliche Konsequenzen f\u00fcr Praxen mit 5 bis 30 Mitarbeitenden Einleitung Einen Logop\u00e4den oder eine Logop\u00e4din einzustellen ist...                        <\/div>\n\t\t\t\t\t\t\t\t\t\t                <\/div>\n\t\t\t\n\t\t\t        <div class=\"post-footer\">\n            <div class=\"post-footer\">\n                <div class=\"read-more\">\n\t\t\t\t\t<a data-id=\"82\" href=\"https:\/\/theratalent.de\/blog\/logopaede-oder-logopaedin-einstellen\/\" class=\"tpg-post-link\" target=\"_self\">Weiterlesen<\/a>                <\/div>\n            <\/div>\n        <\/div>\n\t\t        <\/div>\n    <\/div>\n<\/div>\n<div class=\"rt-col-md-4 rt-col-sm-6 rt-col-xs-12 default rt-grid-item post-75 post type-post status-publish format-standard hentry category-physiotherapeut tag-fachkraeftemangel-physiotherapie tag-gehalt-physiotherapeut tag-recruiting-physiotherapie tag-stellenanzeige-physiotherapie tag-taktung-physiotherapie-praxis\"        data-id=\"75\">\n    <div class=\"rt-holder tpg-post-holder \">\n        <div class=\"rt-detail rt-el-content-wrapper\">\n\t\t\t                <div class=\"rt-img-holder tpg-el-image-wrap has-no-thumbnail\">\n\t\t\t\t\t<a data-id=\"75\" href=\"https:\/\/theratalent.de\/blog\/physiotherapeut-einstellen\/\" class=\"tpg-post-link\" target=\"_self\">\t\t\n\t\t<\/a>\n\t\t        <div class=\"overlay grid-hover-content\"><\/div>\n\t\t                <\/div>\n\t\t\t\n\t\t\t<div class=\"entry-title-wrapper\"><h3 class=\"entry-title\"><a data-id=\"75\" href=\"https:\/\/theratalent.de\/blog\/physiotherapeut-einstellen\/\" class=\"tpg-post-link\" target=\"_self\">Physiotherapeut einstellen<\/a><\/h3><\/div>\n\t\t\t                <div class=\"post-meta-tags rt-el-post-meta\">\n\t\t\t\t\t                <\/div>\n\t\t\t\n\n\t\t\t                <div class=\"tpg-excerpt tpg-el-excerpt\">\n\t\t\t\t\t                        <div class=\"tpg-excerpt-inner\">\n\t\t\t\t\t\t\tLesezeit:  8 MinutenMarktanalyse, Bewerberlogik und wirtschaftliche Auswirkungen f\u00fcr Praxen mit 5 bis 30 Mitarbeitenden Einleitung Einen Physiotherapeuten einzustellen geh\u00f6rt f\u00fcr viele Praxisinhaber...                        <\/div>\n\t\t\t\t\t\t\t\t\t\t                <\/div>\n\t\t\t\n\t\t\t        <div class=\"post-footer\">\n            <div class=\"post-footer\">\n                <div class=\"read-more\">\n\t\t\t\t\t<a data-id=\"75\" href=\"https:\/\/theratalent.de\/blog\/physiotherapeut-einstellen\/\" class=\"tpg-post-link\" target=\"_self\">Weiterlesen<\/a>                <\/div>\n            <\/div>\n        <\/div>\n\t\t        <\/div>\n    <\/div>\n<\/div>\n<div class=\"rt-col-md-4 rt-col-sm-6 rt-col-xs-12 default rt-grid-item post-48 post type-post status-publish format-standard hentry category-ergotherapeut tag-ergotherapeut-einstellen tag-ergotherapie-fachkraeftemangel tag-ergotherapie-gehalt tag-ergotherapie-stellenanzeigen tag-ergotherapie-taktung tag-recruiting-methoden\"        data-id=\"48\">\n    <div class=\"rt-holder tpg-post-holder \">\n        <div class=\"rt-detail rt-el-content-wrapper\">\n\t\t\t                <div class=\"rt-img-holder tpg-el-image-wrap has-no-thumbnail\">\n\t\t\t\t\t<a data-id=\"48\" href=\"https:\/\/theratalent.de\/blog\/ergotherapeut-einstellen\/\" class=\"tpg-post-link\" target=\"_self\">\t\t\n\t\t<\/a>\n\t\t        <div class=\"overlay grid-hover-content\"><\/div>\n\t\t                <\/div>\n\t\t\t\n\t\t\t<div class=\"entry-title-wrapper\"><h3 class=\"entry-title\"><a data-id=\"48\" href=\"https:\/\/theratalent.de\/blog\/ergotherapeut-einstellen\/\" class=\"tpg-post-link\" target=\"_self\">Ergotherapeut einstellen<\/a><\/h3><\/div>\n\t\t\t                <div class=\"post-meta-tags rt-el-post-meta\">\n\t\t\t\t\t                <\/div>\n\t\t\t\n\n\t\t\t                <div class=\"tpg-excerpt tpg-el-excerpt\">\n\t\t\t\t\t                        <div class=\"tpg-excerpt-inner\">\n\t\t\t\t\t\t\tLesezeit:  6 MinutenMarktanalyse, Kostenrealit\u00e4t und strategische Orientierung f\u00fcr Praxen mit 5 bis 30 Mitarbeitenden Einleitung Einen Ergotherapeuten einzustellen ist f\u00fcr viele Praxisinhaber...                        <\/div>\n\t\t\t\t\t\t\t\t\t\t                <\/div>\n\t\t\t\n\t\t\t        <div class=\"post-footer\">\n            <div class=\"post-footer\">\n                <div class=\"read-more\">\n\t\t\t\t\t<a data-id=\"48\" href=\"https:\/\/theratalent.de\/blog\/ergotherapeut-einstellen\/\" class=\"tpg-post-link\" target=\"_self\">Weiterlesen<\/a>                <\/div>\n            <\/div>\n        <\/div>\n\t\t        <\/div>\n    <\/div>\n<\/div>\n\t\t\t<\/div>\n\t\t\t\n\t\t<\/div>\n\t\t\t\t\t\t<\/div>\n\t\t\t\t<\/div>\n\t\t\t\t<\/div>\n\t\t\t\t<\/div>\n\t\t","protected":false},"excerpt":{"rendered":"<p><span class=\"span-reading-time rt-reading-time\" style=\"display: block;\"><span class=\"rt-label rt-prefix\">Lesezeit:<\/span> <span class=\"rt-time\"> 6<\/span> <span class=\"rt-label rt-postfix\">Minuten<\/span><\/span>Therapeuten einstellen in einem leergefegten Bewerbermarkt Der Fachkr\u00e4ftemangel im Therapiebereich ist kein kurzfristiges Problem, sondern strukturell bedingt.In unserem Wissensbereich finden [&hellip;]<\/p>\n","protected":false},"author":1,"featured_media":0,"parent":0,"menu_order":0,"comment_status":"closed","ping_status":"closed","template":"","meta":{"site-sidebar-layout":"no-sidebar","site-content-layout":"","ast-site-content-layout":"full-width-container","site-content-style":"default","site-sidebar-style":"default","ast-global-header-display":"","ast-banner-title-visibility":"","ast-main-header-display":"","ast-hfb-above-header-display":"","ast-hfb-below-header-display":"","ast-hfb-mobile-header-display":"","site-post-title":"","ast-breadcrumbs-content":"","ast-featured-img":"","footer-sml-layout":"","ast-disable-related-posts":"","theme-transparent-header-meta":"","adv-header-id-meta":"","stick-header-meta":"","header-above-stick-meta":"","header-main-stick-meta":"","header-below-stick-meta":"","astra-migrate-meta-layouts":"default","ast-page-background-enabled":"default","ast-page-background-meta":{"desktop":{"background-color":"var(--ast-global-color-5)","background-image":"","background-repeat":"repeat","background-position":"center center","background-size":"auto","background-attachment":"scroll","background-type":"","background-media":"","overlay-type":"","overlay-color":"","overlay-opacity":"","overlay-gradient":""},"tablet":{"background-color":"","background-image":"","background-repeat":"repeat","background-position":"center center","background-size":"auto","background-attachment":"scroll","background-type":"","background-media":"","overlay-type":"","overlay-color":"","overlay-opacity":"","overlay-gradient":""},"mobile":{"background-color":"","background-image":"","background-repeat":"repeat","background-position":"center center","background-size":"auto","background-attachment":"scroll","background-type":"","background-media":"","overlay-type":"","overlay-color":"","overlay-opacity":"","overlay-gradient":""}},"ast-content-background-meta":{"desktop":{"background-color":"var(--ast-global-color-4)","background-image":"","background-repeat":"repeat","background-position":"center center","background-size":"auto","background-attachment":"scroll","background-type":"","background-media":"","overlay-type":"","overlay-color":"","overlay-opacity":"","overlay-gradient":""},"tablet":{"background-color":"var(--ast-global-color-4)","background-image":"","background-repeat":"repeat","background-position":"center center","background-size":"auto","background-attachment":"scroll","background-type":"","background-media":"","overlay-type":"","overlay-color":"","overlay-opacity":"","overlay-gradient":""},"mobile":{"background-color":"var(--ast-global-color-4)","background-image":"","background-repeat":"repeat","background-position":"center center","background-size":"auto","background-attachment":"scroll","background-type":"","background-media":"","overlay-type":"","overlay-color":"","overlay-opacity":"","overlay-gradient":""}},"footnotes":""},"class_list":["post-91","page","type-page","status-publish","hentry"],"rttpg_featured_image_url":null,"rttpg_author":{"display_name":"Matthias Langwald","author_link":"https:\/\/theratalent.de\/blog\/author\/majora\/"},"rttpg_comment":0,"rttpg_category":"","rttpg_excerpt":"Lesezeit: 6 MinutenTherapeuten einstellen in einem leergefegten Bewerbermarkt Der Fachkr\u00e4ftemangel im Therapiebereich ist kein kurzfristiges Problem, sondern strukturell bedingt.In unserem Wissensbereich finden [&hellip;]","_links":{"self":[{"href":"https:\/\/theratalent.de\/blog\/wp-json\/wp\/v2\/pages\/91","targetHints":{"allow":["GET"]}}],"collection":[{"href":"https:\/\/theratalent.de\/blog\/wp-json\/wp\/v2\/pages"}],"about":[{"href":"https:\/\/theratalent.de\/blog\/wp-json\/wp\/v2\/types\/page"}],"author":[{"embeddable":true,"href":"https:\/\/theratalent.de\/blog\/wp-json\/wp\/v2\/users\/1"}],"replies":[{"embeddable":true,"href":"https:\/\/theratalent.de\/blog\/wp-json\/wp\/v2\/comments?post=91"}],"version-history":[{"count":10,"href":"https:\/\/theratalent.de\/blog\/wp-json\/wp\/v2\/pages\/91\/revisions"}],"predecessor-version":[{"id":131,"href":"https:\/\/theratalent.de\/blog\/wp-json\/wp\/v2\/pages\/91\/revisions\/131"}],"wp:attachment":[{"href":"https:\/\/theratalent.de\/blog\/wp-json\/wp\/v2\/media?parent=91"}],"curies":[{"name":"wp","href":"https:\/\/api.w.org\/{rel}","templated":true}]}}